


{"id":175,"date":"2015-08-20T20:41:43","date_gmt":"2015-08-20T20:41:43","guid":{"rendered":"http:\/\/181.224.136.163\/~mcchoice\/home\/?lang=es"},"modified":"2024-01-11T01:02:03","modified_gmt":"2024-01-11T01:02:03","slug":"home","status":"publish","type":"page","link":"https:\/\/mc-choice.countyofmonterey.gov\/es\/","title":{"rendered":"Inicio"},"content":{"rendered":"<h2 style=\"text-align: center;\">Programas de Cobertura<br \/>\nde salud para ni\u00f1os y familias<\/h2>\n<p style=\"text-align: center;\">MC-CHOICE es una programa que esta dedicado a promover la inscripci\u00f3n, retenci\u00f3n y el uso de Medi-Cal en todo el Condado de Monterey.<\/p>\n<hr \/>\n<p>El Departamento de Servicios Sociales del Condado de Monterey y la Subdivisi\u00f3n de Beneficios Comunitarios, permanece abierta ayudando a los residentes del condado de varias maneras. La Subdivisi\u00f3n de Beneficios Comunitarios sigue recibiendo solicitudes de CalWORKs, Medi-Cal, CalFresh y Asistencia General, junto con programas relacionados con emergencias. Se recomienda a los residentes del condado que utilizen el sitio web: <a href=\"https:\/\/benefitscal.com\/\">BenefitsCal<\/a> o que llamen al 1-866-3610477 para solicitar beneficios.<\/p>\n<p>Para enviar documentos a su especialista, utilice el sitio web que se indica a continuaci\u00f3n:<\/p>\n<p>www.DSSUpload.com<\/p>\n<p>&nbsp;<\/p>\n","protected":false},"excerpt":{"rendered":"<p>Programas de Cobertura de salud para ni\u00f1os y familias MC-CHOICE es una programa que esta dedicado a promover la inscripci\u00f3n, retenci\u00f3n y el uso de Medi-Cal en todo el Condado [&#8230;] <a class=\"read-more\" href=\"https:\/\/mc-choice.countyofmonterey.gov\/es\/\">Read more<\/a><\/p>\n","protected":false},"author":1,"featured_media":0,"parent":0,"menu_order":3,"comment_status":"closed","ping_status":"closed","template":"templates\/home.php","meta":{"_acf_changed":false,"footnotes":""},"class_list":["post-175","page","type-page","status-publish","hentry"],"acf":[],"yoast_head":"<!-- This site is optimized with the Yoast SEO plugin v25.4 - https:\/\/yoast.com\/wordpress\/plugins\/seo\/ -->\n<title>MC-CHOICE\u00a0\u2022\u00a0Monterey County Children\u2019s Health Outreach for Insurance, Care and Enrollment<\/title>\n<meta name=\"description\" content=\"Monterey County Children\u2019s Health Outreach for Insurance, Care and Enrollment (MC-CHOICE)\" \/>\n<meta name=\"robots\" content=\"index, follow, max-snippet:-1, max-image-preview:large, max-video-preview:-1\" \/>\n<link rel=\"canonical\" href=\"https:\/\/mc-choice.co.monterey.ca.us\/es\/\" \/>\n<meta property=\"og:locale\" content=\"es_ES\" \/>\n<meta property=\"og:type\" content=\"article\" \/>\n<meta property=\"og:title\" content=\"MC-CHOICE\u00a0\u2022\u00a0Monterey County Children\u2019s Health Outreach for Insurance, Care and Enrollment\" \/>\n<meta property=\"og:description\" content=\"Monterey County Children\u2019s Health Outreach for Insurance, Care and Enrollment (MC-CHOICE)\" \/>\n<meta property=\"og:url\" content=\"https:\/\/mc-choice.co.monterey.ca.us\/es\/\" \/>\n<meta property=\"og:site_name\" content=\"MC-CHOICE\" \/>\n<meta property=\"article:modified_time\" content=\"2024-01-11T01:02:03+00:00\" \/>\n<meta name=\"twitter:card\" content=\"summary_large_image\" \/>\n<meta name=\"twitter:label1\" content=\"Tiempo de lectura\" \/>\n\t<meta name=\"twitter:data1\" content=\"1 minuto\" \/>\n<script type=\"application\/ld+json\" class=\"yoast-schema-graph\">{\"@context\":\"https:\/\/schema.org\",\"@graph\":[{\"@type\":\"WebPage\",\"@id\":\"https:\/\/mc-choice.co.monterey.ca.us\/es\/\",\"url\":\"https:\/\/mc-choice.co.monterey.ca.us\/es\/\",\"name\":\"MC-CHOICE\u00a0\u2022\u00a0Monterey County Children\u2019s Health Outreach for Insurance, Care and Enrollment\",\"isPartOf\":{\"@id\":\"https:\/\/mc-choice.co.monterey.ca.us\/#website\"},\"datePublished\":\"2015-08-20T20:41:43+00:00\",\"dateModified\":\"2024-01-11T01:02:03+00:00\",\"description\":\"Monterey County Children\u2019s Health Outreach for Insurance, Care and Enrollment (MC-CHOICE)\",\"breadcrumb\":{\"@id\":\"https:\/\/mc-choice.co.monterey.ca.us\/es\/#breadcrumb\"},\"inLanguage\":\"es\",\"potentialAction\":[{\"@type\":\"ReadAction\",\"target\":[\"https:\/\/mc-choice.co.monterey.ca.us\/es\/\"]}]},{\"@type\":\"BreadcrumbList\",\"@id\":\"https:\/\/mc-choice.co.monterey.ca.us\/es\/#breadcrumb\",\"itemListElement\":[{\"@type\":\"ListItem\",\"position\":1,\"name\":\"Home\",\"item\":\"https:\/\/mc-choice.co.monterey.ca.us\/es\/\"},{\"@type\":\"ListItem\",\"position\":2,\"name\":\"Inicio\"}]},{\"@type\":\"WebSite\",\"@id\":\"https:\/\/mc-choice.co.monterey.ca.us\/#website\",\"url\":\"https:\/\/mc-choice.co.monterey.ca.us\/\",\"name\":\"MC-CHOICE\",\"description\":\"My WordPress Blog\",\"publisher\":{\"@id\":\"https:\/\/mc-choice.co.monterey.ca.us\/#organization\"},\"potentialAction\":[{\"@type\":\"SearchAction\",\"target\":{\"@type\":\"EntryPoint\",\"urlTemplate\":\"https:\/\/mc-choice.co.monterey.ca.us\/?s={search_term_string}\"},\"query-input\":{\"@type\":\"PropertyValueSpecification\",\"valueRequired\":true,\"valueName\":\"search_term_string\"}}],\"inLanguage\":\"es\"},{\"@type\":\"Organization\",\"@id\":\"https:\/\/mc-choice.co.monterey.ca.us\/#organization\",\"name\":\"MC-CHOICE\",\"url\":\"https:\/\/mc-choice.co.monterey.ca.us\/\",\"logo\":{\"@type\":\"ImageObject\",\"inLanguage\":\"es\",\"@id\":\"https:\/\/mc-choice.co.monterey.ca.us\/#\/schema\/logo\/image\/\",\"url\":\"https:\/\/mc-choice.countyofmonterey.gov\/wp-content\/uploads\/2015\/12\/logo-mcchoice.png\",\"contentUrl\":\"https:\/\/mc-choice.countyofmonterey.gov\/wp-content\/uploads\/2015\/12\/logo-mcchoice.png\",\"width\":125,\"height\":125,\"caption\":\"MC-CHOICE\"},\"image\":{\"@id\":\"https:\/\/mc-choice.co.monterey.ca.us\/#\/schema\/logo\/image\/\"}}]}<\/script>\n<!-- \/ Yoast SEO plugin. -->","yoast_head_json":{"title":"MC-CHOICE\u00a0\u2022\u00a0Monterey County Children\u2019s Health Outreach for Insurance, Care and Enrollment","description":"Monterey County Children\u2019s Health Outreach for Insurance, Care and Enrollment (MC-CHOICE)","robots":{"index":"index","follow":"follow","max-snippet":"max-snippet:-1","max-image-preview":"max-image-preview:large","max-video-preview":"max-video-preview:-1"},"canonical":"https:\/\/mc-choice.co.monterey.ca.us\/es\/","og_locale":"es_ES","og_type":"article","og_title":"MC-CHOICE\u00a0\u2022\u00a0Monterey County Children\u2019s Health Outreach for Insurance, Care and Enrollment","og_description":"Monterey County Children\u2019s Health Outreach for Insurance, Care and Enrollment (MC-CHOICE)","og_url":"https:\/\/mc-choice.co.monterey.ca.us\/es\/","og_site_name":"MC-CHOICE","article_modified_time":"2024-01-11T01:02:03+00:00","twitter_card":"summary_large_image","twitter_misc":{"Tiempo de lectura":"1 minuto"},"schema":{"@context":"https:\/\/schema.org","@graph":[{"@type":"WebPage","@id":"https:\/\/mc-choice.co.monterey.ca.us\/es\/","url":"https:\/\/mc-choice.co.monterey.ca.us\/es\/","name":"MC-CHOICE\u00a0\u2022\u00a0Monterey County Children\u2019s Health Outreach for Insurance, Care and Enrollment","isPartOf":{"@id":"https:\/\/mc-choice.co.monterey.ca.us\/#website"},"datePublished":"2015-08-20T20:41:43+00:00","dateModified":"2024-01-11T01:02:03+00:00","description":"Monterey County Children\u2019s Health Outreach for Insurance, Care and Enrollment (MC-CHOICE)","breadcrumb":{"@id":"https:\/\/mc-choice.co.monterey.ca.us\/es\/#breadcrumb"},"inLanguage":"es","potentialAction":[{"@type":"ReadAction","target":["https:\/\/mc-choice.co.monterey.ca.us\/es\/"]}]},{"@type":"BreadcrumbList","@id":"https:\/\/mc-choice.co.monterey.ca.us\/es\/#breadcrumb","itemListElement":[{"@type":"ListItem","position":1,"name":"Home","item":"https:\/\/mc-choice.co.monterey.ca.us\/es\/"},{"@type":"ListItem","position":2,"name":"Inicio"}]},{"@type":"WebSite","@id":"https:\/\/mc-choice.co.monterey.ca.us\/#website","url":"https:\/\/mc-choice.co.monterey.ca.us\/","name":"MC-CHOICE","description":"My WordPress Blog","publisher":{"@id":"https:\/\/mc-choice.co.monterey.ca.us\/#organization"},"potentialAction":[{"@type":"SearchAction","target":{"@type":"EntryPoint","urlTemplate":"https:\/\/mc-choice.co.monterey.ca.us\/?s={search_term_string}"},"query-input":{"@type":"PropertyValueSpecification","valueRequired":true,"valueName":"search_term_string"}}],"inLanguage":"es"},{"@type":"Organization","@id":"https:\/\/mc-choice.co.monterey.ca.us\/#organization","name":"MC-CHOICE","url":"https:\/\/mc-choice.co.monterey.ca.us\/","logo":{"@type":"ImageObject","inLanguage":"es","@id":"https:\/\/mc-choice.co.monterey.ca.us\/#\/schema\/logo\/image\/","url":"https:\/\/mc-choice.countyofmonterey.gov\/wp-content\/uploads\/2015\/12\/logo-mcchoice.png","contentUrl":"https:\/\/mc-choice.countyofmonterey.gov\/wp-content\/uploads\/2015\/12\/logo-mcchoice.png","width":125,"height":125,"caption":"MC-CHOICE"},"image":{"@id":"https:\/\/mc-choice.co.monterey.ca.us\/#\/schema\/logo\/image\/"}}]}},"_links":{"self":[{"href":"https:\/\/mc-choice.countyofmonterey.gov\/es\/wp-json\/wp\/v2\/pages\/175","targetHints":{"allow":["GET"]}}],"collection":[{"href":"https:\/\/mc-choice.countyofmonterey.gov\/es\/wp-json\/wp\/v2\/pages"}],"about":[{"href":"https:\/\/mc-choice.countyofmonterey.gov\/es\/wp-json\/wp\/v2\/types\/page"}],"author":[{"embeddable":true,"href":"https:\/\/mc-choice.countyofmonterey.gov\/es\/wp-json\/wp\/v2\/users\/1"}],"replies":[{"embeddable":true,"href":"https:\/\/mc-choice.countyofmonterey.gov\/es\/wp-json\/wp\/v2\/comments?post=175"}],"version-history":[{"count":31,"href":"https:\/\/mc-choice.countyofmonterey.gov\/es\/wp-json\/wp\/v2\/pages\/175\/revisions"}],"predecessor-version":[{"id":1027,"href":"https:\/\/mc-choice.countyofmonterey.gov\/es\/wp-json\/wp\/v2\/pages\/175\/revisions\/1027"}],"wp:attachment":[{"href":"https:\/\/mc-choice.countyofmonterey.gov\/es\/wp-json\/wp\/v2\/media?parent=175"}],"curies":[{"name":"wp","href":"https:\/\/api.w.org\/{rel}","templated":true}]}}