


{"id":178,"date":"2015-08-27T21:26:01","date_gmt":"2015-08-27T21:26:01","guid":{"rendered":"http:\/\/181.224.136.163\/~mcchoice\/es\/programs\/calfresh\/"},"modified":"2024-01-25T01:36:32","modified_gmt":"2024-01-25T01:36:32","slug":"calfresh","status":"publish","type":"page","link":"https:\/\/mc-choice.countyofmonterey.gov\/es\/programas\/calfresh\/","title":{"rendered":"CalFresh"},"content":{"rendered":"<div class=\"alert\" style=\"display: none;\">\n<h2><i class=\"fa fa-exclamation-triangle\"><\/i> Aviso del Cierre Gobierno Federal de CalFresh<\/h2>\n<h3>\u00a1Sus beneficios de Febrero 2019 de CalFresh pueden estar disponibles en su cuenta de EBT temprano!<\/h3>\n<p>Debido al cierre del gobierno federal, los beneficios de CalFresh para Febrero se enviaran temprano a la mayor\u00eda de los participantes entre las fechas de <strong>Enero 16 &#8211; 20<\/strong>.<\/p>\n<p>Si no recibe sus beneficios de Febrero temprano y aun ese legible para CalFresh, usted recibir\u00e1 sus beneficios en el dia que regularmente los recibe (<strong>durantes los primeros 10 dias de Febrero<\/strong>).<\/p>\n<p>Las nuevas solicitudes contin\u00faan siendo aceptadas y procesadas, y los servicios de emergencia est\u00e1n disponibles, como de costumbre.<\/p>\n<\/div>\n<h2>Programa de CalFresh (CF)<\/h2>\n<h3>\u00bfQu\u00e9 es CalFresh?<\/h3>\n<p>CalFresh anteriormente fue conocido como el programa de estampillas de comida y es conocido come SNAP (Supplemental Assistance Program) en otros estados.<\/p>\n<p>CalFresh est\u00e1 dise\u00f1ado para contribuir hacia la compra de alimentos para los hogares de bajos ingresos y para satisfacer sus necesidades nutricionales. Individuos otorgados beneficios de CalFresh pueden comprar comida en un supermercado u otros lugares autorizados mediante una Transferencia Electr\u00f3nica de Beneficios (EBT). La cantidad de CalFresh que a una familia recibe se basa en el tama\u00f1o de la familia, el ingreso familiar y los recursos.<\/p>\n<h3>\u00bfQui\u00e9n puede ser elegible para CF?<\/h3>\n<ul>\n<li>Todos los ciudadanos de Estados Unidos<\/li>\n<li>La mayor\u00eda de los inmigrantes &#8211; Residentes Permanentes Legales<\/li>\n<li>Los individuos y las familias pueden ser elegibles para recibir beneficios de CalFresh, trabajen o no trabajen, si es que tienen bajos ingresos.<\/li>\n<\/ul>\n<p>Para ser elegible para los beneficios de CF debe:<\/p>\n<ul>\n<li>Tener un n\u00famero de Seguro Social (SSN). Todos los que reciben CalFresh deben tener un n\u00famero de Seguro Social, incluidos los ni\u00f1os.<\/li>\n<li>Reportar todos los ingresos y propiedad de todos los miembros del hogar. L\u00edmites de propiedad y de ingresos var\u00edan dependiendo del n\u00famero de personas en su hogar y sus edades. (Veh\u00edculos personales no se incluyen en la determinaci\u00f3n de la elegibilidad para CalFresh.)<\/li>\n<\/ul>\n<h3>\u00bfCu\u00e1ntos ingresos puedo tener?<\/h3>\n<p>El l\u00edmite de ingresos depende del n\u00famero de personas en su hogar.<\/p>\n\n<table id=\"tablepress-calfresh-es\" class=\"tablepress tablepress-id-calfresh-es\">\n<thead>\n<tr class=\"row-1\">\n\t<th class=\"column-1\">Tama\u00f1o de Familia<\/th><th class=\"column-2\">Ingreso Bruto M\u00e1ximo<\/th><th class=\"column-3\">Cantidad M\u00e1xima de Beneficios<\/th>\n<\/tr>\n<\/thead>\n<tbody class=\"row-striping row-hover\">\n<tr class=\"row-2\">\n\t<td class=\"column-1\">1<\/td><td class=\"column-2\">$2430<\/td><td class=\"column-3\">$291<\/td>\n<\/tr>\n<tr class=\"row-3\">\n\t<td class=\"column-1\">2<\/td><td class=\"column-2\">$3288<\/td><td class=\"column-3\">$535<\/td>\n<\/tr>\n<tr class=\"row-4\">\n\t<td class=\"column-1\">3<\/td><td class=\"column-2\">$4144<\/td><td class=\"column-3\">$766<\/td>\n<\/tr>\n<tr class=\"row-5\">\n\t<td class=\"column-1\">4<\/td><td class=\"column-2\">$5000<\/td><td class=\"column-3\">$973<\/td>\n<\/tr>\n<tr class=\"row-6\">\n\t<td class=\"column-1\">5<\/td><td class=\"column-2\">$5858<\/td><td class=\"column-3\">$1155<\/td>\n<\/tr>\n<tr class=\"row-7\">\n\t<td class=\"column-1\">6<\/td><td class=\"column-2\">$6714<\/td><td class=\"column-3\">$1386<\/td>\n<\/tr>\n<tr class=\"row-8\">\n\t<td class=\"column-1\">7<\/td><td class=\"column-2\">$7570<\/td><td class=\"column-3\">$1532<\/td>\n<\/tr>\n<tr class=\"row-9\">\n\t<td class=\"column-1\">8<\/td><td class=\"column-2\">$8428<\/td><td class=\"column-3\">$1751<\/td>\n<\/tr>\n<\/tbody>\n<\/table>\n\n<p>Nota: Los ingresos y la cantidad m\u00e1xima de los beneficios est\u00e1n sujetos a cambios.<\/p>\n<h3>Recertificaci\u00f3n \/ continuando sus beneficios CalFresh<\/h3>\n<p>Una vez que el cliente comienza a recibir CalFresh, el cliente debe mantener informado a su Especialista de Elegibilidad acerca de los cambios, con el fin de:<\/p>\n<ul>\n<li>Aseg\u00farese que los beneficios de CalFresh son correctos.<\/li>\n<li>Aseg\u00farese de que los beneficios de CalFresh, Avisos de Acci\u00f3n, y otro tipo de correspondencia se env\u00edan a la direcci\u00f3n correcta.<\/li>\n<\/ul>\n<p>Todos los beneficiarios de CalFresh, con la excepci\u00f3n de algunos casos (Change Reporting) est\u00e1n obligados a presentar un informe de estado de Elegibilidad Semi-Anual (SAR 7) una vez al a\u00f1o (debido en el sexto mes del primer periodo semestral), seguida por la re-certificaci\u00f3n de elegibilidad en el sexto mes del segundo periodo semestral.<\/p>\n<p>Su Especialista de Elegibilidad le informar\u00e1 si usted es un recipiente \u2018Change Reporting\u2019 y cu\u00e1les son los requisitos de presentaci\u00f3n de informes para su caso espec\u00edfico.<\/p>\n<p><span style=\"color: #333300;\">Para m\u00e1s informaci\u00f3n visite: CDSS &#8211;<\/span> <span style=\"color: #003366;\"><a style=\"color: #003366;\" href=\"https:\/\/www.cdss.ca.gov\/inforesources\/calfresh\">https:\/\/www.cdss.ca.gov\/inforesources\/calfresh<\/a><\/span><\/p>\n<h3><\/h3>\n","protected":false},"excerpt":{"rendered":"<p>Aviso del Cierre Gobierno Federal de CalFresh \u00a1Sus beneficios de Febrero 2019 de CalFresh pueden estar disponibles en su cuenta de EBT temprano! Debido al cierre del gobierno federal, los [&#8230;] <a class=\"read-more\" href=\"https:\/\/mc-choice.countyofmonterey.gov\/es\/programas\/calfresh\/\">Read more<\/a><\/p>\n","protected":false},"author":1,"featured_media":0,"parent":177,"menu_order":1,"comment_status":"closed","ping_status":"closed","template":"","meta":{"_acf_changed":false,"footnotes":""},"class_list":["post-178","page","type-page","status-publish","hentry"],"acf":[],"yoast_head":"<!-- This site is optimized with the Yoast SEO plugin v25.4 - https:\/\/yoast.com\/wordpress\/plugins\/seo\/ -->\n<title>CalFresh &#8226; MC-CHOICE<\/title>\n<meta name=\"robots\" content=\"index, follow, max-snippet:-1, max-image-preview:large, max-video-preview:-1\" \/>\n<link rel=\"canonical\" href=\"https:\/\/mc-choice.co.monterey.ca.us\/es\/programas\/calfresh\/\" \/>\n<meta property=\"og:locale\" content=\"es_ES\" \/>\n<meta property=\"og:type\" content=\"article\" \/>\n<meta property=\"og:title\" content=\"CalFresh &#8226; MC-CHOICE\" \/>\n<meta property=\"og:description\" content=\"Aviso del Cierre Gobierno Federal de CalFresh \u00a1Sus beneficios de Febrero 2019 de CalFresh pueden estar disponibles en su cuenta de EBT temprano! Debido al cierre del gobierno federal, los [...] Read more\" \/>\n<meta property=\"og:url\" content=\"https:\/\/mc-choice.co.monterey.ca.us\/es\/programas\/calfresh\/\" \/>\n<meta property=\"og:site_name\" content=\"MC-CHOICE\" \/>\n<meta property=\"article:modified_time\" content=\"2024-01-25T01:36:32+00:00\" \/>\n<meta name=\"twitter:card\" content=\"summary_large_image\" \/>\n<meta name=\"twitter:label1\" content=\"Tiempo de lectura\" \/>\n\t<meta name=\"twitter:data1\" content=\"3 minutos\" \/>\n<script type=\"application\/ld+json\" class=\"yoast-schema-graph\">{\"@context\":\"https:\/\/schema.org\",\"@graph\":[{\"@type\":\"WebPage\",\"@id\":\"https:\/\/mc-choice.co.monterey.ca.us\/es\/programas\/calfresh\/\",\"url\":\"https:\/\/mc-choice.co.monterey.ca.us\/es\/programas\/calfresh\/\",\"name\":\"CalFresh &#8226; MC-CHOICE\",\"isPartOf\":{\"@id\":\"https:\/\/mc-choice.co.monterey.ca.us\/#website\"},\"datePublished\":\"2015-08-27T21:26:01+00:00\",\"dateModified\":\"2024-01-25T01:36:32+00:00\",\"breadcrumb\":{\"@id\":\"https:\/\/mc-choice.co.monterey.ca.us\/es\/programas\/calfresh\/#breadcrumb\"},\"inLanguage\":\"es\",\"potentialAction\":[{\"@type\":\"ReadAction\",\"target\":[\"https:\/\/mc-choice.co.monterey.ca.us\/es\/programas\/calfresh\/\"]}]},{\"@type\":\"BreadcrumbList\",\"@id\":\"https:\/\/mc-choice.co.monterey.ca.us\/es\/programas\/calfresh\/#breadcrumb\",\"itemListElement\":[{\"@type\":\"ListItem\",\"position\":1,\"name\":\"Home\",\"item\":\"https:\/\/mc-choice.co.monterey.ca.us\/es\/\"},{\"@type\":\"ListItem\",\"position\":2,\"name\":\"Programas\",\"item\":\"https:\/\/mc-choice.co.monterey.ca.us\/es\/programas\/\"},{\"@type\":\"ListItem\",\"position\":3,\"name\":\"CalFresh\"}]},{\"@type\":\"WebSite\",\"@id\":\"https:\/\/mc-choice.co.monterey.ca.us\/#website\",\"url\":\"https:\/\/mc-choice.co.monterey.ca.us\/\",\"name\":\"MC-CHOICE\",\"description\":\"My WordPress Blog\",\"publisher\":{\"@id\":\"https:\/\/mc-choice.co.monterey.ca.us\/#organization\"},\"potentialAction\":[{\"@type\":\"SearchAction\",\"target\":{\"@type\":\"EntryPoint\",\"urlTemplate\":\"https:\/\/mc-choice.co.monterey.ca.us\/?s={search_term_string}\"},\"query-input\":{\"@type\":\"PropertyValueSpecification\",\"valueRequired\":true,\"valueName\":\"search_term_string\"}}],\"inLanguage\":\"es\"},{\"@type\":\"Organization\",\"@id\":\"https:\/\/mc-choice.co.monterey.ca.us\/#organization\",\"name\":\"MC-CHOICE\",\"url\":\"https:\/\/mc-choice.co.monterey.ca.us\/\",\"logo\":{\"@type\":\"ImageObject\",\"inLanguage\":\"es\",\"@id\":\"https:\/\/mc-choice.co.monterey.ca.us\/#\/schema\/logo\/image\/\",\"url\":\"https:\/\/mc-choice.countyofmonterey.gov\/wp-content\/uploads\/2015\/12\/logo-mcchoice.png\",\"contentUrl\":\"https:\/\/mc-choice.countyofmonterey.gov\/wp-content\/uploads\/2015\/12\/logo-mcchoice.png\",\"width\":125,\"height\":125,\"caption\":\"MC-CHOICE\"},\"image\":{\"@id\":\"https:\/\/mc-choice.co.monterey.ca.us\/#\/schema\/logo\/image\/\"}}]}<\/script>\n<!-- \/ Yoast SEO plugin. -->","yoast_head_json":{"title":"CalFresh &#8226; MC-CHOICE","robots":{"index":"index","follow":"follow","max-snippet":"max-snippet:-1","max-image-preview":"max-image-preview:large","max-video-preview":"max-video-preview:-1"},"canonical":"https:\/\/mc-choice.co.monterey.ca.us\/es\/programas\/calfresh\/","og_locale":"es_ES","og_type":"article","og_title":"CalFresh &#8226; MC-CHOICE","og_description":"Aviso del Cierre Gobierno Federal de CalFresh \u00a1Sus beneficios de Febrero 2019 de CalFresh pueden estar disponibles en su cuenta de EBT temprano! Debido al cierre del gobierno federal, los [...] Read more","og_url":"https:\/\/mc-choice.co.monterey.ca.us\/es\/programas\/calfresh\/","og_site_name":"MC-CHOICE","article_modified_time":"2024-01-25T01:36:32+00:00","twitter_card":"summary_large_image","twitter_misc":{"Tiempo de lectura":"3 minutos"},"schema":{"@context":"https:\/\/schema.org","@graph":[{"@type":"WebPage","@id":"https:\/\/mc-choice.co.monterey.ca.us\/es\/programas\/calfresh\/","url":"https:\/\/mc-choice.co.monterey.ca.us\/es\/programas\/calfresh\/","name":"CalFresh &#8226; MC-CHOICE","isPartOf":{"@id":"https:\/\/mc-choice.co.monterey.ca.us\/#website"},"datePublished":"2015-08-27T21:26:01+00:00","dateModified":"2024-01-25T01:36:32+00:00","breadcrumb":{"@id":"https:\/\/mc-choice.co.monterey.ca.us\/es\/programas\/calfresh\/#breadcrumb"},"inLanguage":"es","potentialAction":[{"@type":"ReadAction","target":["https:\/\/mc-choice.co.monterey.ca.us\/es\/programas\/calfresh\/"]}]},{"@type":"BreadcrumbList","@id":"https:\/\/mc-choice.co.monterey.ca.us\/es\/programas\/calfresh\/#breadcrumb","itemListElement":[{"@type":"ListItem","position":1,"name":"Home","item":"https:\/\/mc-choice.co.monterey.ca.us\/es\/"},{"@type":"ListItem","position":2,"name":"Programas","item":"https:\/\/mc-choice.co.monterey.ca.us\/es\/programas\/"},{"@type":"ListItem","position":3,"name":"CalFresh"}]},{"@type":"WebSite","@id":"https:\/\/mc-choice.co.monterey.ca.us\/#website","url":"https:\/\/mc-choice.co.monterey.ca.us\/","name":"MC-CHOICE","description":"My WordPress Blog","publisher":{"@id":"https:\/\/mc-choice.co.monterey.ca.us\/#organization"},"potentialAction":[{"@type":"SearchAction","target":{"@type":"EntryPoint","urlTemplate":"https:\/\/mc-choice.co.monterey.ca.us\/?s={search_term_string}"},"query-input":{"@type":"PropertyValueSpecification","valueRequired":true,"valueName":"search_term_string"}}],"inLanguage":"es"},{"@type":"Organization","@id":"https:\/\/mc-choice.co.monterey.ca.us\/#organization","name":"MC-CHOICE","url":"https:\/\/mc-choice.co.monterey.ca.us\/","logo":{"@type":"ImageObject","inLanguage":"es","@id":"https:\/\/mc-choice.co.monterey.ca.us\/#\/schema\/logo\/image\/","url":"https:\/\/mc-choice.countyofmonterey.gov\/wp-content\/uploads\/2015\/12\/logo-mcchoice.png","contentUrl":"https:\/\/mc-choice.countyofmonterey.gov\/wp-content\/uploads\/2015\/12\/logo-mcchoice.png","width":125,"height":125,"caption":"MC-CHOICE"},"image":{"@id":"https:\/\/mc-choice.co.monterey.ca.us\/#\/schema\/logo\/image\/"}}]}},"_links":{"self":[{"href":"https:\/\/mc-choice.countyofmonterey.gov\/es\/wp-json\/wp\/v2\/pages\/178","targetHints":{"allow":["GET"]}}],"collection":[{"href":"https:\/\/mc-choice.countyofmonterey.gov\/es\/wp-json\/wp\/v2\/pages"}],"about":[{"href":"https:\/\/mc-choice.countyofmonterey.gov\/es\/wp-json\/wp\/v2\/types\/page"}],"author":[{"embeddable":true,"href":"https:\/\/mc-choice.countyofmonterey.gov\/es\/wp-json\/wp\/v2\/users\/1"}],"replies":[{"embeddable":true,"href":"https:\/\/mc-choice.countyofmonterey.gov\/es\/wp-json\/wp\/v2\/comments?post=178"}],"version-history":[{"count":33,"href":"https:\/\/mc-choice.countyofmonterey.gov\/es\/wp-json\/wp\/v2\/pages\/178\/revisions"}],"predecessor-version":[{"id":1036,"href":"https:\/\/mc-choice.countyofmonterey.gov\/es\/wp-json\/wp\/v2\/pages\/178\/revisions\/1036"}],"up":[{"embeddable":true,"href":"https:\/\/mc-choice.countyofmonterey.gov\/es\/wp-json\/wp\/v2\/pages\/177"}],"wp:attachment":[{"href":"https:\/\/mc-choice.countyofmonterey.gov\/es\/wp-json\/wp\/v2\/media?parent=178"}],"curies":[{"name":"wp","href":"https:\/\/api.w.org\/{rel}","templated":true}]}}