


{"id":179,"date":"2015-08-27T21:26:28","date_gmt":"2015-08-27T21:26:28","guid":{"rendered":"http:\/\/181.224.136.163\/~mcchoice\/es\/programs\/calworks\/"},"modified":"2024-01-04T23:53:37","modified_gmt":"2024-01-04T23:53:37","slug":"calworks","status":"publish","type":"page","link":"https:\/\/mc-choice.countyofmonterey.gov\/es\/programas\/calworks\/","title":{"rendered":"CalWORKs"},"content":{"rendered":"<h2>Programa CalWORKs<\/h2>\n<h3>\u00bfQu\u00e9 es CalWORKs?<\/h3>\n<p>El programa California Work Opportunity and Responsibility to Kids (CalWORKs) es la implementaci\u00f3n estatal del programa Federal de Asistencia Temporal para Familias Necesitadas (TANF). Brinda asistencia en efectivo por tiempo limitado a familias con ni\u00f1os. Los beneficiarios de CalWORKs son autom\u00e1ticamente elegibles para Medi-Cal y pueden calificar para los beneficios de CalFresh. Se requiere que los adultos en el programa participen en una actividad laboral a menos que se determine que est\u00e1n exentos.<\/p>\n<p>Si una familia tiene poco o ning\u00fan dinero en efectivo y necesita vivienda, alimentos, servicios p\u00fablicos, ropa o atenci\u00f3n m\u00e9dica, puede ser elegible para recibir ayuda inmediata a corto plazo. Las familias que solicitan y califican para recibir asistencia continua reciben dinero cada mes para ayudar a pagar la vivienda, los alimentos y otros gastos necesarios.<\/p>\n<p>El monto del pago de asistencia mensual de una familia depende de varios factores, incluido el n\u00famero de personas que son elegibles y las necesidades especiales de cualquiera de esos miembros de la familia. Los ingresos de la familia se consideran al calcular la cantidad de asistencia monetaria que recibe la familia.<\/p>\n<p>Hay otros programas y beneficios, como Asistencia para personas sin hogar, para los cuales una familia puede calificar si recibe CalWORKs.<\/p>\n<p>Los requisitos de elegibilidad espec\u00edficos toman en cuenta la ciudadan\u00eda, la edad, los ingresos, los recursos y otros factores del solicitante. Generalmente, los servicios est\u00e1n disponibles para:<\/p>\n<p>Familias que tienen un ni\u00f1o(s) de edad elegible en el hogar o est\u00e1n embarazadas y tienen carencias debido a uno o ambos padres:<\/p>\n<p>o Ausencia<\/p>\n<p>o Desempleo<\/p>\n<p>o Incapacidad f\u00edsica o mental<\/p>\n<p>o Muerte<\/p>\n<h3>Cuales son algunos de los requisitos basicos?<\/h3>\n<ul>\n<li>Residente en California y tiene la intenci\u00f3n de quedarse.<\/li>\n<li>Proporcionar verificaci\u00f3n de ingresos.<\/li>\n<li>Tener menos de $10,888 en recursos ($16,333 si tiene 60 a\u00f1os o m\u00e1s).<\/li>\n<li>Proporcionar prueba de ciudadan\u00eda estadounidense o estatus de inmigrante legal.<\/li>\n<li>Tener verificaci\u00f3n del N\u00famero de Seguro Social o prueba de solicitud para todos los miembros de la familia.<\/li>\n<li>Todos los ni\u00f1os de 6 a 17 a\u00f1os deben asistir a la escuela. Los j\u00f3venes de dieciocho a\u00f1os deben estar en la escuela secundaria o en una escuela vocacional-t\u00e9cnica a tiempo completo y esperar completar la escuela antes de los 19 a\u00f1os.<\/li>\n<li>Es posible que se requieran hechos o verificaciones adicionales.<\/li>\n<\/ul>\n<h3>Como puedo solicitar CalWORKs?<\/h3>\n<ul>\n<li>Las familias necesitadas pueden solicitar asistencia en l\u00ednea, por tel\u00e9fono o viniendo a nuestra oficina. Luego se requerir\u00e1 una entrevista cara a cara con un especialista de elegibilidad.<\/li>\n<li>La forma m\u00e1s f\u00e1cil y r\u00e1pida de solicitar CalWORKs, CalFresh y\/o Medi-Cal es en l\u00ednea en <a href=\"https:\/\/benefitscal.com\/\" target=\"_blank\" rel=\"noopener noreferrer\">BenefitsCal<\/a>.<\/li>\n<\/ul>\n<h3>Renovacion \/continuacion de los beneficios de CalWORKs<\/h3>\n<p>Una vez que un cliente comienza a recibir CalWORKs, el cliente debe mantener informado al especialista de elegibilidad (ES) sobre los cambios para:<\/p>\n<ul>\n<li>Aseg\u00farese de que los beneficios de CalWORKs sean correctos<\/li>\n<li>Informar al ES sobre otras necesidades que se pueden satisfacer a trav\u00e9s del programa CalWORKs<\/li>\n<li>Aseg\u00farese de que los Avisos de acci\u00f3n de CalWORKs y otra correspondencia se env\u00eden a la direcci\u00f3n correcta<\/li>\n<\/ul>\n<p><em><b>Todos los beneficiarios de CalWORKs, con la excepci\u00f3n de los beneficiarios de Reporte Anual de Hijo Solo (AR\/CO), deben presentar un Informe de estado de elegibilidad semestral (SAR 7) una vez al a\u00f1o (con vencimiento en el sexto mes del primer per\u00edodo semestral) seguida de la recertificaci\u00f3n de elegibilidad en el sexto mes del segundo per\u00edodo semestral.<\/b><\/em><\/p>\n<p><strong><em>Su especialista de elegibilidad le informar\u00e1 si es un beneficiario de AR\/CO y cu\u00e1les son los requisitos de informaci\u00f3n para ese programa.<\/em><\/strong><\/p>\n","protected":false},"excerpt":{"rendered":"<p>Programa CalWORKs \u00bfQu\u00e9 es CalWORKs? El programa California Work Opportunity and Responsibility to Kids (CalWORKs) es la implementaci\u00f3n estatal del programa Federal de Asistencia Temporal para Familias Necesitadas (TANF). Brinda [&#8230;] <a class=\"read-more\" href=\"https:\/\/mc-choice.countyofmonterey.gov\/es\/programas\/calworks\/\">Read more<\/a><\/p>\n","protected":false},"author":1,"featured_media":0,"parent":177,"menu_order":2,"comment_status":"closed","ping_status":"closed","template":"","meta":{"_acf_changed":false,"footnotes":""},"class_list":["post-179","page","type-page","status-publish","hentry"],"acf":[],"yoast_head":"<!-- This site is optimized with the Yoast SEO plugin v25.4 - https:\/\/yoast.com\/wordpress\/plugins\/seo\/ -->\n<title>CalWORKs &#8226; MC-CHOICE<\/title>\n<meta name=\"robots\" content=\"index, follow, max-snippet:-1, max-image-preview:large, max-video-preview:-1\" \/>\n<link rel=\"canonical\" href=\"https:\/\/mc-choice.co.monterey.ca.us\/es\/programas\/calworks\/\" \/>\n<meta property=\"og:locale\" content=\"es_ES\" \/>\n<meta property=\"og:type\" content=\"article\" \/>\n<meta property=\"og:title\" content=\"CalWORKs &#8226; MC-CHOICE\" \/>\n<meta property=\"og:description\" content=\"Programa CalWORKs \u00bfQu\u00e9 es CalWORKs? El programa California Work Opportunity and Responsibility to Kids (CalWORKs) es la implementaci\u00f3n estatal del programa Federal de Asistencia Temporal para Familias Necesitadas (TANF). Brinda [...] Read more\" \/>\n<meta property=\"og:url\" content=\"https:\/\/mc-choice.co.monterey.ca.us\/es\/programas\/calworks\/\" \/>\n<meta property=\"og:site_name\" content=\"MC-CHOICE\" \/>\n<meta property=\"article:modified_time\" content=\"2024-01-04T23:53:37+00:00\" \/>\n<meta name=\"twitter:card\" content=\"summary_large_image\" \/>\n<meta name=\"twitter:label1\" content=\"Tiempo de lectura\" \/>\n\t<meta name=\"twitter:data1\" content=\"3 minutos\" \/>\n<script type=\"application\/ld+json\" class=\"yoast-schema-graph\">{\"@context\":\"https:\/\/schema.org\",\"@graph\":[{\"@type\":\"WebPage\",\"@id\":\"https:\/\/mc-choice.co.monterey.ca.us\/es\/programas\/calworks\/\",\"url\":\"https:\/\/mc-choice.co.monterey.ca.us\/es\/programas\/calworks\/\",\"name\":\"CalWORKs &#8226; MC-CHOICE\",\"isPartOf\":{\"@id\":\"https:\/\/mc-choice.co.monterey.ca.us\/#website\"},\"datePublished\":\"2015-08-27T21:26:28+00:00\",\"dateModified\":\"2024-01-04T23:53:37+00:00\",\"breadcrumb\":{\"@id\":\"https:\/\/mc-choice.co.monterey.ca.us\/es\/programas\/calworks\/#breadcrumb\"},\"inLanguage\":\"es\",\"potentialAction\":[{\"@type\":\"ReadAction\",\"target\":[\"https:\/\/mc-choice.co.monterey.ca.us\/es\/programas\/calworks\/\"]}]},{\"@type\":\"BreadcrumbList\",\"@id\":\"https:\/\/mc-choice.co.monterey.ca.us\/es\/programas\/calworks\/#breadcrumb\",\"itemListElement\":[{\"@type\":\"ListItem\",\"position\":1,\"name\":\"Home\",\"item\":\"https:\/\/mc-choice.co.monterey.ca.us\/es\/\"},{\"@type\":\"ListItem\",\"position\":2,\"name\":\"Programas\",\"item\":\"https:\/\/mc-choice.co.monterey.ca.us\/es\/programas\/\"},{\"@type\":\"ListItem\",\"position\":3,\"name\":\"CalWORKs\"}]},{\"@type\":\"WebSite\",\"@id\":\"https:\/\/mc-choice.co.monterey.ca.us\/#website\",\"url\":\"https:\/\/mc-choice.co.monterey.ca.us\/\",\"name\":\"MC-CHOICE\",\"description\":\"My WordPress Blog\",\"publisher\":{\"@id\":\"https:\/\/mc-choice.co.monterey.ca.us\/#organization\"},\"potentialAction\":[{\"@type\":\"SearchAction\",\"target\":{\"@type\":\"EntryPoint\",\"urlTemplate\":\"https:\/\/mc-choice.co.monterey.ca.us\/?s={search_term_string}\"},\"query-input\":{\"@type\":\"PropertyValueSpecification\",\"valueRequired\":true,\"valueName\":\"search_term_string\"}}],\"inLanguage\":\"es\"},{\"@type\":\"Organization\",\"@id\":\"https:\/\/mc-choice.co.monterey.ca.us\/#organization\",\"name\":\"MC-CHOICE\",\"url\":\"https:\/\/mc-choice.co.monterey.ca.us\/\",\"logo\":{\"@type\":\"ImageObject\",\"inLanguage\":\"es\",\"@id\":\"https:\/\/mc-choice.co.monterey.ca.us\/#\/schema\/logo\/image\/\",\"url\":\"https:\/\/mc-choice.countyofmonterey.gov\/wp-content\/uploads\/2015\/12\/logo-mcchoice.png\",\"contentUrl\":\"https:\/\/mc-choice.countyofmonterey.gov\/wp-content\/uploads\/2015\/12\/logo-mcchoice.png\",\"width\":125,\"height\":125,\"caption\":\"MC-CHOICE\"},\"image\":{\"@id\":\"https:\/\/mc-choice.co.monterey.ca.us\/#\/schema\/logo\/image\/\"}}]}<\/script>\n<!-- \/ Yoast SEO plugin. -->","yoast_head_json":{"title":"CalWORKs &#8226; MC-CHOICE","robots":{"index":"index","follow":"follow","max-snippet":"max-snippet:-1","max-image-preview":"max-image-preview:large","max-video-preview":"max-video-preview:-1"},"canonical":"https:\/\/mc-choice.co.monterey.ca.us\/es\/programas\/calworks\/","og_locale":"es_ES","og_type":"article","og_title":"CalWORKs &#8226; MC-CHOICE","og_description":"Programa CalWORKs \u00bfQu\u00e9 es CalWORKs? El programa California Work Opportunity and Responsibility to Kids (CalWORKs) es la implementaci\u00f3n estatal del programa Federal de Asistencia Temporal para Familias Necesitadas (TANF). Brinda [...] Read more","og_url":"https:\/\/mc-choice.co.monterey.ca.us\/es\/programas\/calworks\/","og_site_name":"MC-CHOICE","article_modified_time":"2024-01-04T23:53:37+00:00","twitter_card":"summary_large_image","twitter_misc":{"Tiempo de lectura":"3 minutos"},"schema":{"@context":"https:\/\/schema.org","@graph":[{"@type":"WebPage","@id":"https:\/\/mc-choice.co.monterey.ca.us\/es\/programas\/calworks\/","url":"https:\/\/mc-choice.co.monterey.ca.us\/es\/programas\/calworks\/","name":"CalWORKs &#8226; MC-CHOICE","isPartOf":{"@id":"https:\/\/mc-choice.co.monterey.ca.us\/#website"},"datePublished":"2015-08-27T21:26:28+00:00","dateModified":"2024-01-04T23:53:37+00:00","breadcrumb":{"@id":"https:\/\/mc-choice.co.monterey.ca.us\/es\/programas\/calworks\/#breadcrumb"},"inLanguage":"es","potentialAction":[{"@type":"ReadAction","target":["https:\/\/mc-choice.co.monterey.ca.us\/es\/programas\/calworks\/"]}]},{"@type":"BreadcrumbList","@id":"https:\/\/mc-choice.co.monterey.ca.us\/es\/programas\/calworks\/#breadcrumb","itemListElement":[{"@type":"ListItem","position":1,"name":"Home","item":"https:\/\/mc-choice.co.monterey.ca.us\/es\/"},{"@type":"ListItem","position":2,"name":"Programas","item":"https:\/\/mc-choice.co.monterey.ca.us\/es\/programas\/"},{"@type":"ListItem","position":3,"name":"CalWORKs"}]},{"@type":"WebSite","@id":"https:\/\/mc-choice.co.monterey.ca.us\/#website","url":"https:\/\/mc-choice.co.monterey.ca.us\/","name":"MC-CHOICE","description":"My WordPress Blog","publisher":{"@id":"https:\/\/mc-choice.co.monterey.ca.us\/#organization"},"potentialAction":[{"@type":"SearchAction","target":{"@type":"EntryPoint","urlTemplate":"https:\/\/mc-choice.co.monterey.ca.us\/?s={search_term_string}"},"query-input":{"@type":"PropertyValueSpecification","valueRequired":true,"valueName":"search_term_string"}}],"inLanguage":"es"},{"@type":"Organization","@id":"https:\/\/mc-choice.co.monterey.ca.us\/#organization","name":"MC-CHOICE","url":"https:\/\/mc-choice.co.monterey.ca.us\/","logo":{"@type":"ImageObject","inLanguage":"es","@id":"https:\/\/mc-choice.co.monterey.ca.us\/#\/schema\/logo\/image\/","url":"https:\/\/mc-choice.countyofmonterey.gov\/wp-content\/uploads\/2015\/12\/logo-mcchoice.png","contentUrl":"https:\/\/mc-choice.countyofmonterey.gov\/wp-content\/uploads\/2015\/12\/logo-mcchoice.png","width":125,"height":125,"caption":"MC-CHOICE"},"image":{"@id":"https:\/\/mc-choice.co.monterey.ca.us\/#\/schema\/logo\/image\/"}}]}},"_links":{"self":[{"href":"https:\/\/mc-choice.countyofmonterey.gov\/es\/wp-json\/wp\/v2\/pages\/179","targetHints":{"allow":["GET"]}}],"collection":[{"href":"https:\/\/mc-choice.countyofmonterey.gov\/es\/wp-json\/wp\/v2\/pages"}],"about":[{"href":"https:\/\/mc-choice.countyofmonterey.gov\/es\/wp-json\/wp\/v2\/types\/page"}],"author":[{"embeddable":true,"href":"https:\/\/mc-choice.countyofmonterey.gov\/es\/wp-json\/wp\/v2\/users\/1"}],"replies":[{"embeddable":true,"href":"https:\/\/mc-choice.countyofmonterey.gov\/es\/wp-json\/wp\/v2\/comments?post=179"}],"version-history":[{"count":13,"href":"https:\/\/mc-choice.countyofmonterey.gov\/es\/wp-json\/wp\/v2\/pages\/179\/revisions"}],"predecessor-version":[{"id":1016,"href":"https:\/\/mc-choice.countyofmonterey.gov\/es\/wp-json\/wp\/v2\/pages\/179\/revisions\/1016"}],"up":[{"embeddable":true,"href":"https:\/\/mc-choice.countyofmonterey.gov\/es\/wp-json\/wp\/v2\/pages\/177"}],"wp:attachment":[{"href":"https:\/\/mc-choice.countyofmonterey.gov\/es\/wp-json\/wp\/v2\/media?parent=179"}],"curies":[{"name":"wp","href":"https:\/\/api.w.org\/{rel}","templated":true}]}}