


{"id":180,"date":"2015-08-27T21:26:46","date_gmt":"2015-08-27T21:26:46","guid":{"rendered":"http:\/\/181.224.136.163\/~mcchoice\/es\/programs\/medi-cal\/"},"modified":"2024-01-05T00:00:15","modified_gmt":"2024-01-05T00:00:15","slug":"medi-cal","status":"publish","type":"page","link":"https:\/\/mc-choice.countyofmonterey.gov\/es\/programas\/medi-cal\/","title":{"rendered":"Medi-Cal"},"content":{"rendered":"<h2>Programa de Medi-Cal<\/h2>\n<h3>\u00bfQu\u00e9 es Medi-Cal?<\/h3>\n<p>Medi-Cal es el programa de seguro m\u00e9dico publico de Calfornia. Medi-Cal se administra a trav\u00e9s del Departamento de Servicios de Atencion M\u00e9dica con el apoyo de fondos federales y estatales. Desde la implementacion de la Ley del Cuidado de Salud a Bajo Precio, el 1 de Enero del 2014, Medi-Cal se ha expandido y esta disponible para personas elegibles de todas las edades.<\/p>\n<h3><strong>Cuales son algunos de los requisitos de elegibilidad?<\/strong><\/h3>\n<p>Medi-Cal est\u00e1 disponible para los residentes de California que re\u00fanan los requisitos y se basa principalmente en los ingresos y la declaraci\u00f3n de impuestos. Su especialista en elegibilidad determinar\u00e1 a qu\u00e9 programa de Medi-Cal tiene derecho seg\u00fan su situaci\u00f3n particular. Medi-Cal puede ser gratuito o con una parte de costo mensual.<\/p>\n<p>Si no es elegible para los beneficios de Medi-Cal, su solicitud tambien puede ser revisada para otra cobertura de seguro medico a traves de Covered California.<\/p>\n<h3>Que cubre Medi-Cal?<\/h3>\n<p>Medi-Cal cubre los servicios de salud, dentales y de la vista. La cobertura est\u00e1 disponible para las personas para las personas que cumplan los criterios de elegibilidad &#8230;. (debe residir en California). Los adultos que sobrepasen el l\u00edmite de ingresos para otros programas de Medi-Cal pueden recibir beneficios restringidos (limitados a servicios de embarazo y posparto), siempre y cuando se cumplan todos los dem\u00e1s criterios de elegibilidad.<img loading=\"lazy\" decoding=\"async\" class=\"alignright\" src=\"https:\/\/mc-choice.countyofmonterey.gov\/wp-content\/uploads\/2022\/03\/BIC.jpg\" alt=\"\" width=\"252\" height=\"278\" \/><\/p>\n<p>Si se determina que es elegible, su cobertura comienza el primer d\u00eda del mes de la solicitud. Se le emitir\u00e1 una tarjeta de emisi\u00f3n de beneficios (BIC). Su BIC es una tarjeta blanca con letras azules o tiene una imagen de la flor de California. Esta tarjeta debe conservarse y debe presentarse en el momento del servicio. Si se determina que es elegible para la cobertura m\u00e9dica completa, tambi\u00e9n recibir\u00e1 una tarjeta adicional de Central California Alliance. Aseg\u00farese de presentar ambas tarjetas en el momento del servicio, incluidos los servicios de farmacia\/receta.<\/p>\n<h3><strong>Aqu\u00ed hay una lista de algunos de los servicios que Medi-Cal puede cubrir:<\/strong><\/h3>\n<ul>\n<li>Servicios ambulatorios<\/li>\n<li>Servicios de emergencia<\/li>\n<li>Hospitalizaci\u00f3n<\/li>\n<li>Atenci\u00f3n de Maternidad y Reci\u00e9n Nacidos<\/li>\n<li>Servicios de salud mental y trastornos por uso de sustancias, incluido el tratamiento de salud conductual<\/li>\n<li>Medicamentos con receta<\/li>\n<li>Programas como terapia f\u00edsica y ocupacional (conocidos como Servicios de rehabilitaci\u00f3n y facilitaci\u00f3n) y dispositivos<\/li>\n<li>Servicios de laboratorio<\/li>\n<li>Servicios preventivos y de bienestar y manejo de enfermedades cr\u00f3nicas<\/li>\n<li>Servicios para ni\u00f1os (pedi\u00e1tricos), incluida la atenci\u00f3n oral y de la vista<\/li>\n<li>Desintoxicaci\u00f3n voluntaria para pacientes hospitalizados<\/li>\n<li>Servicios de tratamiento ambulatorio intensivo<\/li>\n<li>Servicios de Tratamiento Residencial<\/li>\n<li>Servicios sin medicamentos para pacientes ambulatorios<\/li>\n<li>Servicios de Tratamiento de Narc\u00f3ticos<\/li>\n<\/ul>\n<h3>Los beneficios dentales incluyen:<\/h3>\n<ul>\n<li>Ex\u00e1menes y radiograf\u00edas<\/li>\n<li>Limpiezas<\/li>\n<li>Tratamientos con fl\u00faor<\/li>\n<li>Rellenos<\/li>\n<li>Conductos radiculares anteriores (dientes frontales)<\/li>\n<li>Coronas prefabricadas<\/li>\n<li>Dentaduras completas<\/li>\n<li>Otros servicios dentales m\u00e9dicamente necesarios<\/li>\n<\/ul>\n<h3><strong>Consejos utiles para retener\/continuar los beneficios:<\/strong><\/h3>\n<ul>\n<li>Complete su renovaci\u00f3n anual<\/li>\n<li>En su solicitud o en el momento de la renovaci\u00f3n, elija que la elegibilidad se renueve autom\u00e1ticamente de 1 a 5 a\u00f1os<\/li>\n<li>Complete todos los informes de manera oportuna<\/li>\n<li>Proporcionar la verificaci\u00f3n solicitada antes de la fecha de vencimiento<\/li>\n<li>Informar cambios dentro de los 10 d\u00edas, tales como: nuevo empleo, aumento o disminuci\u00f3n de ingresos, nacimiento o muerte, miembro del hogar que se va o ingresa al hogar, estado civil para efectos de la declaraci\u00f3n de impuestos, direcci\u00f3n, residencia<\/li>\n<\/ul>\n<h3><span style=\"color: #ff0000;\">\u00a1NUEVO!<\/span>\u00a0Expansi\u00f3n para adultos de 26 a 49 a\u00f1os<\/h3>\n<p>A partir del 1 de enero de 2024, m\u00e1s personas ser\u00e1n elegibles para los beneficios de Medi-Cal completo, independientemente de su estatus migratorio.<\/p>\n<p>Si re\u00fane los requisitos y actualmente tiene Medi-Cal restringido:<\/p>\n<p>Recibir\u00e1 una carta por correo indic\u00e1ndole si recibir\u00e1 Medi-Cal completo y cu\u00e1ndo. No es necesario que rellene una nueva solicitud de Medi-Cal completo. Si re\u00fane los requisitos, se le inscribir\u00e1 autom\u00e1ticamente.<\/p>\n<p>El Medi-Cal completo es diferente al Medi-Cal restringido que pueda tener ahora porque el Medi-Cal restringido s\u00f3lo cubre los servicios de emergencia.<\/p>\n<p><a href=\"https:\/\/www.dhcs.ca.gov\/Get-Medi-Cal\/Pages\/default.aspx\">Para m\u00e1s informaci\u00f3n visite: GetMedi-CalCoverage.dhcs.ca.gov<\/a><\/p>\n<h3><span style=\"color: #ff0000;\"><strong>\u00a1NUEVO!<\/strong> <\/span>Eliminaci\u00f3n de recursos<\/h3>\n<p>A partir de enero de 2024, los recursos ya no contar\u00e1n para su elegibilidad para Medi-Cal. Estos elementos incluyen cuentas bancarias, dinero en efectivo, segundos veh\u00edculos y casas, y otros recursos financieros.<\/p>\n<p>Los ingresos seguir\u00e1n contando.<\/p>\n<p>Si usted cree que puede ser elegible para Medi-Cal una vez que los nuevos cambios se llevan a cabo se le aconseja que presente su solicitud.<\/p>\n<p>P\u00f3ngase en contacto con su oficina local del condado hoy mismo para obtener m\u00e1s informaci\u00f3n.<\/p>\n<h3>Formas de Aplicar:<\/h3>\n<ul>\n<li><strong>El m\u00e9todo preferido est\u00e1 en l\u00ednea en <a href=\"https:\/\/benefitscal.com\/\">BenefitsCal<\/a>.<\/strong><\/li>\n<li><strong>En persona en la sucursal de Beneficios Comunitarios del Departamento de Servicios Sociales m\u00e1s cercana ubicada en Salinas, King City o Seaside.<\/strong><\/li>\n<li><strong>Por tel\u00e9fono, puede llamarnos al 1-877-410-8823.<\/strong><\/li>\n<li><strong>Por correo, complete una Solicitud de Seguro de Salud del Estado de California y env\u00edela por correo a la Oficina del Departamento de Servicios Sociales m\u00e1s cercana. Se puede solicitar una solicitud por tel\u00e9fono al Departamento de Servicios Sociales, llame al 1-877-410-8823.<\/strong><\/li>\n<li><strong>Por fax, rellene una solicitud de seguro m\u00e9dico del Estado de California y env\u00edela por fax al n\u00famero 831-784-5691.<\/strong><\/li>\n<li><strong>La asistencia para la solicitud est\u00e1 disponible en los sitios de extensi\u00f3n en todo el condado de Monterey. <\/strong><strong>Para ubicar a un trabajador comunitario cerca de usted, llame al 1-866-361-0477.<\/strong><\/li>\n<\/ul>\n<p>&nbsp;<\/p>\n","protected":false},"excerpt":{"rendered":"<p>Programa de Medi-Cal \u00bfQu\u00e9 es Medi-Cal? Medi-Cal es el programa de seguro m\u00e9dico publico de Calfornia. Medi-Cal se administra a trav\u00e9s del Departamento de Servicios de Atencion M\u00e9dica con el [&#8230;] <a class=\"read-more\" href=\"https:\/\/mc-choice.countyofmonterey.gov\/es\/programas\/medi-cal\/\">Read more<\/a><\/p>\n","protected":false},"author":1,"featured_media":0,"parent":177,"menu_order":3,"comment_status":"closed","ping_status":"closed","template":"","meta":{"_acf_changed":false,"footnotes":""},"class_list":["post-180","page","type-page","status-publish","hentry"],"acf":[],"yoast_head":"<!-- This site is optimized with the Yoast SEO plugin v25.4 - https:\/\/yoast.com\/wordpress\/plugins\/seo\/ -->\n<title>Medi-Cal &#8226; MC-CHOICE<\/title>\n<meta name=\"robots\" content=\"index, follow, max-snippet:-1, max-image-preview:large, max-video-preview:-1\" \/>\n<link rel=\"canonical\" href=\"https:\/\/mc-choice.co.monterey.ca.us\/es\/programas\/medi-cal\/\" \/>\n<meta property=\"og:locale\" content=\"es_ES\" \/>\n<meta property=\"og:type\" content=\"article\" \/>\n<meta property=\"og:title\" content=\"Medi-Cal &#8226; MC-CHOICE\" \/>\n<meta property=\"og:description\" content=\"Programa de Medi-Cal \u00bfQu\u00e9 es Medi-Cal? Medi-Cal es el programa de seguro m\u00e9dico publico de Calfornia. Medi-Cal se administra a trav\u00e9s del Departamento de Servicios de Atencion M\u00e9dica con el [...] Read more\" \/>\n<meta property=\"og:url\" content=\"https:\/\/mc-choice.co.monterey.ca.us\/es\/programas\/medi-cal\/\" \/>\n<meta property=\"og:site_name\" content=\"MC-CHOICE\" \/>\n<meta property=\"article:modified_time\" content=\"2024-01-05T00:00:15+00:00\" \/>\n<meta property=\"og:image\" content=\"https:\/\/mc-choice.co.monterey.ca.us\/wp-content\/uploads\/2022\/03\/BIC.jpg\" \/>\n<meta name=\"twitter:card\" content=\"summary_large_image\" \/>\n<meta name=\"twitter:label1\" content=\"Tiempo de lectura\" \/>\n\t<meta name=\"twitter:data1\" content=\"4 minutos\" \/>\n<script type=\"application\/ld+json\" class=\"yoast-schema-graph\">{\"@context\":\"https:\/\/schema.org\",\"@graph\":[{\"@type\":\"WebPage\",\"@id\":\"https:\/\/mc-choice.co.monterey.ca.us\/es\/programas\/medi-cal\/\",\"url\":\"https:\/\/mc-choice.co.monterey.ca.us\/es\/programas\/medi-cal\/\",\"name\":\"Medi-Cal &#8226; MC-CHOICE\",\"isPartOf\":{\"@id\":\"https:\/\/mc-choice.co.monterey.ca.us\/#website\"},\"primaryImageOfPage\":{\"@id\":\"https:\/\/mc-choice.co.monterey.ca.us\/es\/programas\/medi-cal\/#primaryimage\"},\"image\":{\"@id\":\"https:\/\/mc-choice.co.monterey.ca.us\/es\/programas\/medi-cal\/#primaryimage\"},\"thumbnailUrl\":\"https:\/\/mc-choice.countyofmonterey.gov\/wp-content\/uploads\/2022\/03\/BIC.jpg\",\"datePublished\":\"2015-08-27T21:26:46+00:00\",\"dateModified\":\"2024-01-05T00:00:15+00:00\",\"breadcrumb\":{\"@id\":\"https:\/\/mc-choice.co.monterey.ca.us\/es\/programas\/medi-cal\/#breadcrumb\"},\"inLanguage\":\"es\",\"potentialAction\":[{\"@type\":\"ReadAction\",\"target\":[\"https:\/\/mc-choice.co.monterey.ca.us\/es\/programas\/medi-cal\/\"]}]},{\"@type\":\"ImageObject\",\"inLanguage\":\"es\",\"@id\":\"https:\/\/mc-choice.co.monterey.ca.us\/es\/programas\/medi-cal\/#primaryimage\",\"url\":\"https:\/\/mc-choice.countyofmonterey.gov\/wp-content\/uploads\/2022\/03\/BIC.jpg\",\"contentUrl\":\"https:\/\/mc-choice.countyofmonterey.gov\/wp-content\/uploads\/2022\/03\/BIC.jpg\"},{\"@type\":\"BreadcrumbList\",\"@id\":\"https:\/\/mc-choice.co.monterey.ca.us\/es\/programas\/medi-cal\/#breadcrumb\",\"itemListElement\":[{\"@type\":\"ListItem\",\"position\":1,\"name\":\"Home\",\"item\":\"https:\/\/mc-choice.co.monterey.ca.us\/es\/\"},{\"@type\":\"ListItem\",\"position\":2,\"name\":\"Programas\",\"item\":\"https:\/\/mc-choice.co.monterey.ca.us\/es\/programas\/\"},{\"@type\":\"ListItem\",\"position\":3,\"name\":\"Medi-Cal\"}]},{\"@type\":\"WebSite\",\"@id\":\"https:\/\/mc-choice.co.monterey.ca.us\/#website\",\"url\":\"https:\/\/mc-choice.co.monterey.ca.us\/\",\"name\":\"MC-CHOICE\",\"description\":\"My WordPress Blog\",\"publisher\":{\"@id\":\"https:\/\/mc-choice.co.monterey.ca.us\/#organization\"},\"potentialAction\":[{\"@type\":\"SearchAction\",\"target\":{\"@type\":\"EntryPoint\",\"urlTemplate\":\"https:\/\/mc-choice.co.monterey.ca.us\/?s={search_term_string}\"},\"query-input\":{\"@type\":\"PropertyValueSpecification\",\"valueRequired\":true,\"valueName\":\"search_term_string\"}}],\"inLanguage\":\"es\"},{\"@type\":\"Organization\",\"@id\":\"https:\/\/mc-choice.co.monterey.ca.us\/#organization\",\"name\":\"MC-CHOICE\",\"url\":\"https:\/\/mc-choice.co.monterey.ca.us\/\",\"logo\":{\"@type\":\"ImageObject\",\"inLanguage\":\"es\",\"@id\":\"https:\/\/mc-choice.co.monterey.ca.us\/#\/schema\/logo\/image\/\",\"url\":\"https:\/\/mc-choice.countyofmonterey.gov\/wp-content\/uploads\/2015\/12\/logo-mcchoice.png\",\"contentUrl\":\"https:\/\/mc-choice.countyofmonterey.gov\/wp-content\/uploads\/2015\/12\/logo-mcchoice.png\",\"width\":125,\"height\":125,\"caption\":\"MC-CHOICE\"},\"image\":{\"@id\":\"https:\/\/mc-choice.co.monterey.ca.us\/#\/schema\/logo\/image\/\"}}]}<\/script>\n<!-- \/ Yoast SEO plugin. -->","yoast_head_json":{"title":"Medi-Cal &#8226; MC-CHOICE","robots":{"index":"index","follow":"follow","max-snippet":"max-snippet:-1","max-image-preview":"max-image-preview:large","max-video-preview":"max-video-preview:-1"},"canonical":"https:\/\/mc-choice.co.monterey.ca.us\/es\/programas\/medi-cal\/","og_locale":"es_ES","og_type":"article","og_title":"Medi-Cal &#8226; MC-CHOICE","og_description":"Programa de Medi-Cal \u00bfQu\u00e9 es Medi-Cal? Medi-Cal es el programa de seguro m\u00e9dico publico de Calfornia. Medi-Cal se administra a trav\u00e9s del Departamento de Servicios de Atencion M\u00e9dica con el [...] Read more","og_url":"https:\/\/mc-choice.co.monterey.ca.us\/es\/programas\/medi-cal\/","og_site_name":"MC-CHOICE","article_modified_time":"2024-01-05T00:00:15+00:00","og_image":[{"url":"https:\/\/mc-choice.co.monterey.ca.us\/wp-content\/uploads\/2022\/03\/BIC.jpg","type":"","width":"","height":""}],"twitter_card":"summary_large_image","twitter_misc":{"Tiempo de lectura":"4 minutos"},"schema":{"@context":"https:\/\/schema.org","@graph":[{"@type":"WebPage","@id":"https:\/\/mc-choice.co.monterey.ca.us\/es\/programas\/medi-cal\/","url":"https:\/\/mc-choice.co.monterey.ca.us\/es\/programas\/medi-cal\/","name":"Medi-Cal &#8226; MC-CHOICE","isPartOf":{"@id":"https:\/\/mc-choice.co.monterey.ca.us\/#website"},"primaryImageOfPage":{"@id":"https:\/\/mc-choice.co.monterey.ca.us\/es\/programas\/medi-cal\/#primaryimage"},"image":{"@id":"https:\/\/mc-choice.co.monterey.ca.us\/es\/programas\/medi-cal\/#primaryimage"},"thumbnailUrl":"https:\/\/mc-choice.countyofmonterey.gov\/wp-content\/uploads\/2022\/03\/BIC.jpg","datePublished":"2015-08-27T21:26:46+00:00","dateModified":"2024-01-05T00:00:15+00:00","breadcrumb":{"@id":"https:\/\/mc-choice.co.monterey.ca.us\/es\/programas\/medi-cal\/#breadcrumb"},"inLanguage":"es","potentialAction":[{"@type":"ReadAction","target":["https:\/\/mc-choice.co.monterey.ca.us\/es\/programas\/medi-cal\/"]}]},{"@type":"ImageObject","inLanguage":"es","@id":"https:\/\/mc-choice.co.monterey.ca.us\/es\/programas\/medi-cal\/#primaryimage","url":"https:\/\/mc-choice.countyofmonterey.gov\/wp-content\/uploads\/2022\/03\/BIC.jpg","contentUrl":"https:\/\/mc-choice.countyofmonterey.gov\/wp-content\/uploads\/2022\/03\/BIC.jpg"},{"@type":"BreadcrumbList","@id":"https:\/\/mc-choice.co.monterey.ca.us\/es\/programas\/medi-cal\/#breadcrumb","itemListElement":[{"@type":"ListItem","position":1,"name":"Home","item":"https:\/\/mc-choice.co.monterey.ca.us\/es\/"},{"@type":"ListItem","position":2,"name":"Programas","item":"https:\/\/mc-choice.co.monterey.ca.us\/es\/programas\/"},{"@type":"ListItem","position":3,"name":"Medi-Cal"}]},{"@type":"WebSite","@id":"https:\/\/mc-choice.co.monterey.ca.us\/#website","url":"https:\/\/mc-choice.co.monterey.ca.us\/","name":"MC-CHOICE","description":"My WordPress Blog","publisher":{"@id":"https:\/\/mc-choice.co.monterey.ca.us\/#organization"},"potentialAction":[{"@type":"SearchAction","target":{"@type":"EntryPoint","urlTemplate":"https:\/\/mc-choice.co.monterey.ca.us\/?s={search_term_string}"},"query-input":{"@type":"PropertyValueSpecification","valueRequired":true,"valueName":"search_term_string"}}],"inLanguage":"es"},{"@type":"Organization","@id":"https:\/\/mc-choice.co.monterey.ca.us\/#organization","name":"MC-CHOICE","url":"https:\/\/mc-choice.co.monterey.ca.us\/","logo":{"@type":"ImageObject","inLanguage":"es","@id":"https:\/\/mc-choice.co.monterey.ca.us\/#\/schema\/logo\/image\/","url":"https:\/\/mc-choice.countyofmonterey.gov\/wp-content\/uploads\/2015\/12\/logo-mcchoice.png","contentUrl":"https:\/\/mc-choice.countyofmonterey.gov\/wp-content\/uploads\/2015\/12\/logo-mcchoice.png","width":125,"height":125,"caption":"MC-CHOICE"},"image":{"@id":"https:\/\/mc-choice.co.monterey.ca.us\/#\/schema\/logo\/image\/"}}]}},"_links":{"self":[{"href":"https:\/\/mc-choice.countyofmonterey.gov\/es\/wp-json\/wp\/v2\/pages\/180","targetHints":{"allow":["GET"]}}],"collection":[{"href":"https:\/\/mc-choice.countyofmonterey.gov\/es\/wp-json\/wp\/v2\/pages"}],"about":[{"href":"https:\/\/mc-choice.countyofmonterey.gov\/es\/wp-json\/wp\/v2\/types\/page"}],"author":[{"embeddable":true,"href":"https:\/\/mc-choice.countyofmonterey.gov\/es\/wp-json\/wp\/v2\/users\/1"}],"replies":[{"embeddable":true,"href":"https:\/\/mc-choice.countyofmonterey.gov\/es\/wp-json\/wp\/v2\/comments?post=180"}],"version-history":[{"count":31,"href":"https:\/\/mc-choice.countyofmonterey.gov\/es\/wp-json\/wp\/v2\/pages\/180\/revisions"}],"predecessor-version":[{"id":1017,"href":"https:\/\/mc-choice.countyofmonterey.gov\/es\/wp-json\/wp\/v2\/pages\/180\/revisions\/1017"}],"up":[{"embeddable":true,"href":"https:\/\/mc-choice.countyofmonterey.gov\/es\/wp-json\/wp\/v2\/pages\/177"}],"wp:attachment":[{"href":"https:\/\/mc-choice.countyofmonterey.gov\/es\/wp-json\/wp\/v2\/media?parent=180"}],"curies":[{"name":"wp","href":"https:\/\/api.w.org\/{rel}","templated":true}]}}