


{"id":181,"date":"2015-08-27T21:27:13","date_gmt":"2015-08-27T21:27:13","guid":{"rendered":"http:\/\/181.224.136.163\/~mcchoice\/es\/programs\/general-assistance\/"},"modified":"2015-11-30T23:12:54","modified_gmt":"2015-11-30T23:12:54","slug":"asistencia-general","status":"publish","type":"page","link":"https:\/\/mc-choice.countyofmonterey.gov\/es\/programas\/asistencia-general\/","title":{"rendered":"Asistencia General"},"content":{"rendered":"<h2>Program de Asistencia General (GA)<\/h2>\n<h3>\u00bfQu\u00e9 es la Asistencia General?<\/h3>\n<p>GA es un programa financiado por el condado de asistencia temporal para adultos solteros desempleados y parejas que no tienen hijos a su cargo y no se reciben otros beneficios de asistencia p\u00fablica, incluyendo los beneficios de Seguridad de Ingreso Suplementario (SSI) o de desempleo. Los beneficiarios que no son discapacitados deben buscar empleo, y est\u00e1n obligados a devolver los fondos del condado.<\/p>\n<h3>\u00bfQu\u00e9 tipo de asistencia se proporciona?<\/h3>\n<ul>\n<li>Renta es pagada al due\u00f1o de la propiedad o el beneficiario designado.<\/li>\n<li>Asistencia para necesidades personales se proporciona para ayudarlo a comprar productos higi\u00e9nicos, productos para el hogar y productos alimenticios.<\/li>\n<li>Asistencia para viajar si esta dispuesto para regresar a una residencia anterior.<\/li>\n<\/ul>\n<h3>\u00bfQui\u00e9n podr\u00eda ser elegible?<\/h3>\n<ul>\n<li>Debe ser un ciudadano de los EE.UU. o residente legal.<\/li>\n<li>Tienes que ser un residente del Condado de Monterey y tener 18 a\u00f1os de edad o m\u00e1s. Si es menor de 18, debe estar casado con alguien mayor de 18 a\u00f1os.<\/li>\n<\/ul>\n<h3>\u00bfCu\u00e1les son los requisitos del programa?<\/h3>\n<ul>\n<li>Si puede trabajar, se requiere que busque trabajo activamente y complete una b\u00fasqueda de empleo mensual.<\/li>\n<li>Se requiere que trabaje en un trabajo asignado por el Condado que se acredita hacia su pago GA.<\/li>\n<\/ul>\n<h3>\u00bfD\u00f3nde puedo solicitar GA?<\/h3>\n<p>En persona en cualquier oficina de distrito de beneficios comunitarios.<\/p>\n<p>Departamento de Servicios Sociales del Condado de Monterey<br \/>\nSuite de 1000 S. Main Street 216<br \/>\nSalinas, CA 93901<\/p>\n<p>Departamento de Servicios Sociales del Condado de Monterey<br \/>\n1281 Broadway Avenue<br \/>\nSeaside, CA 93955<\/p>\n<p>Departamento de Servicios Sociales del Condado de Monterey<br \/>\n116 Broadway Street<br \/>\nKing City, CA 93960<\/p>\n<h3>\u00bfQu\u00e9 es el Proceso de Solicitud de Asistencia General?<\/h3>\n<ul>\n<li>Citas para una solicitud est\u00e1n disponibles de lunes a viernes de 8:00 am a 5:00 pm.<\/li>\n<li>Se les da una orientaci\u00f3n, la aplicaci\u00f3n y una cita para el siguiente d\u00eda h\u00e1bil.<\/li>\n<li>En la orientaci\u00f3n, se les pregunta a los clientes si desean solicitar programas adicionales. Se les da un paquete para regresar al d\u00eda siguiente y una cita para una entrevista en persona.<\/li>\n<li>La cita en persona se lleva a cabo y los beneficios pueden ser aprobados el mismo d\u00eda.<\/li>\n<\/ul>\n<h3>\u00bfQu\u00e9 documentos debo llevar para mi entrevista?<\/h3>\n<ul>\n<li>Prueba de su identidad (licencia de conducir, tarjeta de identificaci\u00f3n del estado, acta de nacimiento)<\/li>\n<li>Tarjeta de seguro social o documento con el n\u00famero en \u00e9l.<\/li>\n<li>Tarjeta de Libertad Condicional<\/li>\n<li>Prueba de ciudadan\u00eda<\/li>\n<li>Prueba de residencia<\/li>\n<li>Comprobante de ingresos (recibos de salarios, el desempleo, seguro social)<\/li>\n<li>Prueba de propiedad (registro del veh\u00edculo)<\/li>\n<\/ul>\n","protected":false},"excerpt":{"rendered":"<p>Program de Asistencia General (GA) \u00bfQu\u00e9 es la Asistencia General? GA es un programa financiado por el condado de asistencia temporal para adultos solteros desempleados y parejas que no tienen [&#8230;] <a class=\"read-more\" href=\"https:\/\/mc-choice.countyofmonterey.gov\/es\/programas\/asistencia-general\/\">Read more<\/a><\/p>\n","protected":false},"author":1,"featured_media":0,"parent":177,"menu_order":4,"comment_status":"closed","ping_status":"closed","template":"","meta":{"_acf_changed":false,"footnotes":""},"class_list":["post-181","page","type-page","status-publish","hentry"],"acf":[],"yoast_head":"<!-- This site is optimized with the Yoast SEO plugin v25.4 - https:\/\/yoast.com\/wordpress\/plugins\/seo\/ -->\n<title>Asistencia General &#8226; MC-CHOICE<\/title>\n<meta name=\"robots\" content=\"index, follow, max-snippet:-1, max-image-preview:large, max-video-preview:-1\" \/>\n<link rel=\"canonical\" href=\"https:\/\/mc-choice.co.monterey.ca.us\/es\/programas\/asistencia-general\/\" \/>\n<meta property=\"og:locale\" content=\"es_ES\" \/>\n<meta property=\"og:type\" content=\"article\" \/>\n<meta property=\"og:title\" content=\"Asistencia General &#8226; MC-CHOICE\" \/>\n<meta property=\"og:description\" content=\"Program de Asistencia General (GA) \u00bfQu\u00e9 es la Asistencia General? GA es un programa financiado por el condado de asistencia temporal para adultos solteros desempleados y parejas que no tienen [...] Read more\" \/>\n<meta property=\"og:url\" content=\"https:\/\/mc-choice.co.monterey.ca.us\/es\/programas\/asistencia-general\/\" \/>\n<meta property=\"og:site_name\" content=\"MC-CHOICE\" \/>\n<meta property=\"article:modified_time\" content=\"2015-11-30T23:12:54+00:00\" \/>\n<meta name=\"twitter:card\" content=\"summary_large_image\" \/>\n<meta name=\"twitter:label1\" content=\"Tiempo de lectura\" \/>\n\t<meta name=\"twitter:data1\" content=\"2 minutos\" \/>\n<script type=\"application\/ld+json\" class=\"yoast-schema-graph\">{\"@context\":\"https:\/\/schema.org\",\"@graph\":[{\"@type\":\"WebPage\",\"@id\":\"https:\/\/mc-choice.co.monterey.ca.us\/es\/programas\/asistencia-general\/\",\"url\":\"https:\/\/mc-choice.co.monterey.ca.us\/es\/programas\/asistencia-general\/\",\"name\":\"Asistencia General &#8226; MC-CHOICE\",\"isPartOf\":{\"@id\":\"https:\/\/mc-choice.co.monterey.ca.us\/#website\"},\"datePublished\":\"2015-08-27T21:27:13+00:00\",\"dateModified\":\"2015-11-30T23:12:54+00:00\",\"breadcrumb\":{\"@id\":\"https:\/\/mc-choice.co.monterey.ca.us\/es\/programas\/asistencia-general\/#breadcrumb\"},\"inLanguage\":\"es\",\"potentialAction\":[{\"@type\":\"ReadAction\",\"target\":[\"https:\/\/mc-choice.co.monterey.ca.us\/es\/programas\/asistencia-general\/\"]}]},{\"@type\":\"BreadcrumbList\",\"@id\":\"https:\/\/mc-choice.co.monterey.ca.us\/es\/programas\/asistencia-general\/#breadcrumb\",\"itemListElement\":[{\"@type\":\"ListItem\",\"position\":1,\"name\":\"Home\",\"item\":\"https:\/\/mc-choice.co.monterey.ca.us\/es\/\"},{\"@type\":\"ListItem\",\"position\":2,\"name\":\"Programas\",\"item\":\"https:\/\/mc-choice.co.monterey.ca.us\/es\/programas\/\"},{\"@type\":\"ListItem\",\"position\":3,\"name\":\"Asistencia General\"}]},{\"@type\":\"WebSite\",\"@id\":\"https:\/\/mc-choice.co.monterey.ca.us\/#website\",\"url\":\"https:\/\/mc-choice.co.monterey.ca.us\/\",\"name\":\"MC-CHOICE\",\"description\":\"My WordPress Blog\",\"publisher\":{\"@id\":\"https:\/\/mc-choice.co.monterey.ca.us\/#organization\"},\"potentialAction\":[{\"@type\":\"SearchAction\",\"target\":{\"@type\":\"EntryPoint\",\"urlTemplate\":\"https:\/\/mc-choice.co.monterey.ca.us\/?s={search_term_string}\"},\"query-input\":{\"@type\":\"PropertyValueSpecification\",\"valueRequired\":true,\"valueName\":\"search_term_string\"}}],\"inLanguage\":\"es\"},{\"@type\":\"Organization\",\"@id\":\"https:\/\/mc-choice.co.monterey.ca.us\/#organization\",\"name\":\"MC-CHOICE\",\"url\":\"https:\/\/mc-choice.co.monterey.ca.us\/\",\"logo\":{\"@type\":\"ImageObject\",\"inLanguage\":\"es\",\"@id\":\"https:\/\/mc-choice.co.monterey.ca.us\/#\/schema\/logo\/image\/\",\"url\":\"https:\/\/mc-choice.countyofmonterey.gov\/wp-content\/uploads\/2015\/12\/logo-mcchoice.png\",\"contentUrl\":\"https:\/\/mc-choice.countyofmonterey.gov\/wp-content\/uploads\/2015\/12\/logo-mcchoice.png\",\"width\":125,\"height\":125,\"caption\":\"MC-CHOICE\"},\"image\":{\"@id\":\"https:\/\/mc-choice.co.monterey.ca.us\/#\/schema\/logo\/image\/\"}}]}<\/script>\n<!-- \/ Yoast SEO plugin. -->","yoast_head_json":{"title":"Asistencia General &#8226; MC-CHOICE","robots":{"index":"index","follow":"follow","max-snippet":"max-snippet:-1","max-image-preview":"max-image-preview:large","max-video-preview":"max-video-preview:-1"},"canonical":"https:\/\/mc-choice.co.monterey.ca.us\/es\/programas\/asistencia-general\/","og_locale":"es_ES","og_type":"article","og_title":"Asistencia General &#8226; MC-CHOICE","og_description":"Program de Asistencia General (GA) \u00bfQu\u00e9 es la Asistencia General? GA es un programa financiado por el condado de asistencia temporal para adultos solteros desempleados y parejas que no tienen [...] Read more","og_url":"https:\/\/mc-choice.co.monterey.ca.us\/es\/programas\/asistencia-general\/","og_site_name":"MC-CHOICE","article_modified_time":"2015-11-30T23:12:54+00:00","twitter_card":"summary_large_image","twitter_misc":{"Tiempo de lectura":"2 minutos"},"schema":{"@context":"https:\/\/schema.org","@graph":[{"@type":"WebPage","@id":"https:\/\/mc-choice.co.monterey.ca.us\/es\/programas\/asistencia-general\/","url":"https:\/\/mc-choice.co.monterey.ca.us\/es\/programas\/asistencia-general\/","name":"Asistencia General &#8226; MC-CHOICE","isPartOf":{"@id":"https:\/\/mc-choice.co.monterey.ca.us\/#website"},"datePublished":"2015-08-27T21:27:13+00:00","dateModified":"2015-11-30T23:12:54+00:00","breadcrumb":{"@id":"https:\/\/mc-choice.co.monterey.ca.us\/es\/programas\/asistencia-general\/#breadcrumb"},"inLanguage":"es","potentialAction":[{"@type":"ReadAction","target":["https:\/\/mc-choice.co.monterey.ca.us\/es\/programas\/asistencia-general\/"]}]},{"@type":"BreadcrumbList","@id":"https:\/\/mc-choice.co.monterey.ca.us\/es\/programas\/asistencia-general\/#breadcrumb","itemListElement":[{"@type":"ListItem","position":1,"name":"Home","item":"https:\/\/mc-choice.co.monterey.ca.us\/es\/"},{"@type":"ListItem","position":2,"name":"Programas","item":"https:\/\/mc-choice.co.monterey.ca.us\/es\/programas\/"},{"@type":"ListItem","position":3,"name":"Asistencia General"}]},{"@type":"WebSite","@id":"https:\/\/mc-choice.co.monterey.ca.us\/#website","url":"https:\/\/mc-choice.co.monterey.ca.us\/","name":"MC-CHOICE","description":"My WordPress Blog","publisher":{"@id":"https:\/\/mc-choice.co.monterey.ca.us\/#organization"},"potentialAction":[{"@type":"SearchAction","target":{"@type":"EntryPoint","urlTemplate":"https:\/\/mc-choice.co.monterey.ca.us\/?s={search_term_string}"},"query-input":{"@type":"PropertyValueSpecification","valueRequired":true,"valueName":"search_term_string"}}],"inLanguage":"es"},{"@type":"Organization","@id":"https:\/\/mc-choice.co.monterey.ca.us\/#organization","name":"MC-CHOICE","url":"https:\/\/mc-choice.co.monterey.ca.us\/","logo":{"@type":"ImageObject","inLanguage":"es","@id":"https:\/\/mc-choice.co.monterey.ca.us\/#\/schema\/logo\/image\/","url":"https:\/\/mc-choice.countyofmonterey.gov\/wp-content\/uploads\/2015\/12\/logo-mcchoice.png","contentUrl":"https:\/\/mc-choice.countyofmonterey.gov\/wp-content\/uploads\/2015\/12\/logo-mcchoice.png","width":125,"height":125,"caption":"MC-CHOICE"},"image":{"@id":"https:\/\/mc-choice.co.monterey.ca.us\/#\/schema\/logo\/image\/"}}]}},"_links":{"self":[{"href":"https:\/\/mc-choice.countyofmonterey.gov\/es\/wp-json\/wp\/v2\/pages\/181","targetHints":{"allow":["GET"]}}],"collection":[{"href":"https:\/\/mc-choice.countyofmonterey.gov\/es\/wp-json\/wp\/v2\/pages"}],"about":[{"href":"https:\/\/mc-choice.countyofmonterey.gov\/es\/wp-json\/wp\/v2\/types\/page"}],"author":[{"embeddable":true,"href":"https:\/\/mc-choice.countyofmonterey.gov\/es\/wp-json\/wp\/v2\/users\/1"}],"replies":[{"embeddable":true,"href":"https:\/\/mc-choice.countyofmonterey.gov\/es\/wp-json\/wp\/v2\/comments?post=181"}],"version-history":[{"count":8,"href":"https:\/\/mc-choice.countyofmonterey.gov\/es\/wp-json\/wp\/v2\/pages\/181\/revisions"}],"predecessor-version":[{"id":394,"href":"https:\/\/mc-choice.countyofmonterey.gov\/es\/wp-json\/wp\/v2\/pages\/181\/revisions\/394"}],"up":[{"embeddable":true,"href":"https:\/\/mc-choice.countyofmonterey.gov\/es\/wp-json\/wp\/v2\/pages\/177"}],"wp:attachment":[{"href":"https:\/\/mc-choice.countyofmonterey.gov\/es\/wp-json\/wp\/v2\/media?parent=181"}],"curies":[{"name":"wp","href":"https:\/\/api.w.org\/{rel}","templated":true}]}}